{"id":125,"date":"2015-03-31T10:30:21","date_gmt":"2015-03-31T09:30:21","guid":{"rendered":"http:\/\/www.boucherie-normande.com\/traiteur-wazemmes\/?page_id=125"},"modified":"2023-03-08T08:53:37","modified_gmt":"2023-03-08T07:53:37","slug":"contacter-venir-au-coq-hardi","status":"publish","type":"page","link":"https:\/\/www.boucherie-normande.com\/traiteur-wazemmes\/contacter-venir-au-coq-hardi\/","title":{"rendered":"Contacter \/ venir au Coq Hardi :"},"content":{"rendered":"<p>La boutique du Coq Hardi (volailler de renom) se situe au sein des halls de Wazemmes (march\u00e9 de Wazemmes), <span class=\"Style1\">rue L\u00e9on Gambetta 59000 Lille.<\/span><\/p>\n<blockquote><p><span class=\"Style1\"><strong><span class=\"Style8\">Nous sommes ouverts du mardi au jeudi de 8h00 \u00e013h00. Le vendredi et le samedi de 8h00 \u00e0 19h30 sans coupure et le dimanche de 8h00 \u00e0 14h30. <\/span><\/strong><\/span><\/p>\n<p><span class=\"Style1\"><strong>T\u00e9l : 03.20.85.26.58<\/strong><\/span><\/p><\/blockquote>\n<p>Pour toutes vos demandes, questions et propositions :<\/p>\n<p>Merci d&rsquo;envoyer un message \u00e0 <a href=\"mailto:andre-fourchon@boucherie-normande.com\">andre-fourchon@boucherie-normande.com<\/a><\/p>\n<p>Pour nous situer dans Lille et Wazemmes :<\/p>\n<p><iframe loading=\"lazy\" style=\"border: 0;\" src=\"https:\/\/www.google.com\/maps\/embed?pb=!1m18!1m12!1m3!1d20248.72559733847!2d3.0150474122584328!3d50.625431881402754!2m3!1f0!2f0!3f0!3m2!1i1024!2i768!4f13.1!3m3!1m2!1s0x47c2d576406a4cd3%3A0x4eeb8235a289bf62!2sWazemmes%2C%20Lille!5e0!3m2!1sfr!2sfr!4v1670330420543!5m2!1sfr!2sfr\" width=\"800\" height=\"450\" allowfullscreen=\"allowfullscreen\"><span data-mce-type=\"bookmark\" style=\"display: inline-block; width: 0px; overflow: hidden; line-height: 0;\" class=\"mce_SELRES_start\">\ufeff<\/span><\/iframe><\/p>\n","protected":false},"excerpt":{"rendered":"<p>La boutique du Coq Hardi (volailler de renom) se situe au sein des halls de Wazemmes (march\u00e9 de Wazemmes), rue L\u00e9on Gambetta 59000 Lille. Nous sommes ouverts du mardi au jeudi de 8h00 \u00e013h00. Le vendredi et le samedi de&#8230;<br \/><a class=\"read-more-button\" href=\"https:\/\/www.boucherie-normande.com\/traiteur-wazemmes\/contacter-venir-au-coq-hardi\/\">Savoir plus<\/a><\/p>\n","protected":false},"author":1,"featured_media":0,"parent":0,"menu_order":0,"comment_status":"closed","ping_status":"closed","template":"","meta":{"footnotes":""},"class_list":["post-125","page","type-page","status-publish","hentry"],"aioseo_notices":[],"_links":{"self":[{"href":"https:\/\/www.boucherie-normande.com\/traiteur-wazemmes\/wp-json\/wp\/v2\/pages\/125","targetHints":{"allow":["GET"]}}],"collection":[{"href":"https:\/\/www.boucherie-normande.com\/traiteur-wazemmes\/wp-json\/wp\/v2\/pages"}],"about":[{"href":"https:\/\/www.boucherie-normande.com\/traiteur-wazemmes\/wp-json\/wp\/v2\/types\/page"}],"author":[{"embeddable":true,"href":"https:\/\/www.boucherie-normande.com\/traiteur-wazemmes\/wp-json\/wp\/v2\/users\/1"}],"replies":[{"embeddable":true,"href":"https:\/\/www.boucherie-normande.com\/traiteur-wazemmes\/wp-json\/wp\/v2\/comments?post=125"}],"version-history":[{"count":8,"href":"https:\/\/www.boucherie-normande.com\/traiteur-wazemmes\/wp-json\/wp\/v2\/pages\/125\/revisions"}],"predecessor-version":[{"id":1457,"href":"https:\/\/www.boucherie-normande.com\/traiteur-wazemmes\/wp-json\/wp\/v2\/pages\/125\/revisions\/1457"}],"wp:attachment":[{"href":"https:\/\/www.boucherie-normande.com\/traiteur-wazemmes\/wp-json\/wp\/v2\/media?parent=125"}],"curies":[{"name":"wp","href":"https:\/\/api.w.org\/{rel}","templated":true}]}}