{"id":1470,"date":"2023-03-08T09:11:54","date_gmt":"2023-03-08T08:11:54","guid":{"rendered":"https:\/\/www.boucherie-normande.com\/traiteur-wazemmes\/?page_id=1470"},"modified":"2023-03-08T09:12:57","modified_gmt":"2023-03-08T08:12:57","slug":"les-halles-de-wazemmes","status":"publish","type":"page","link":"https:\/\/www.boucherie-normande.com\/traiteur-wazemmes\/les-halles-de-wazemmes\/","title":{"rendered":"Les halles de Wazemmes"},"content":{"rendered":"<h2>Un endroit reconnu dans toute l&rsquo;Europe pour son effervescence.<\/h2>\n<p>Le march\u00e9 des <strong>Halles de Wazemmes<\/strong> est un march\u00e9 situ\u00e9 dans le quartier de Wazemmes \u00e0 Lille, en France. Il est connu pour \u00eatre l&rsquo;un des march\u00e9s les plus anim\u00e9s et les plus populaires de la ville.<\/p>\n<p>Le march\u00e9 des Halles de Wazemmes a lieu tous les mardis, jeudis et dimanches matin. Il propose une grande vari\u00e9t\u00e9 de produits frais, tels que des fruits et l\u00e9gumes, des viandes, des poissons, le volailler \u00ab\u00a0Coq Hardi\u00a0\u00bb, des fromages et des pains. On y trouve \u00e9galement des stands proposant des plats pr\u00e9par\u00e9s, des v\u00eatements, des articles de d\u00e9coration et bien d&rsquo;autres choses.<\/p>\n<p>L&rsquo;ambiance sur le march\u00e9 est tr\u00e8s anim\u00e9e, avec des vendeurs qui crient les prix de leurs produits et des clients qui d\u00e9ambulent entre les \u00e9tals en cherchant les meilleures offres. C&rsquo;est un endroit tr\u00e8s pris\u00e9 des Lillois qui viennent y faire leurs courses et rencontrer leurs amis.<\/p>\n<p>Le march\u00e9 des Halles de Wazemmes est un lieu incontournable pour ceux qui souhaitent d\u00e9couvrir la vie locale de Lille et go\u00fbter aux produits frais de la r\u00e9gion. C&rsquo;est naturellement en ce lieu riche en vie et en humanit\u00e9 que Katy Fourchon exerce son m\u00e9tier de volaill\u00e8re, pr\u00eate \u00e0 vous donner conseils et astuces, mais surtout : le meilleur de la volaille r\u00e9gionale en direct des plus grands producteurs des Hauts-de-France.<a href=\"https:\/\/www.boucherie-normande.com\/traiteur-wazemmes\/wp-content\/uploads\/2018\/11\/coq-hardi-wazemmes-6.jpg\"><img loading=\"lazy\" decoding=\"async\" class=\"aligncenter wp-image-872 size-full\" title=\"Volailler lille wazemmes\" src=\"https:\/\/www.boucherie-normande.com\/traiteur-wazemmes\/wp-content\/uploads\/2018\/11\/coq-hardi-wazemmes-6.jpg\" alt=\"\" width=\"1012\" height=\"300\" srcset=\"https:\/\/www.boucherie-normande.com\/traiteur-wazemmes\/wp-content\/uploads\/2018\/11\/coq-hardi-wazemmes-6.jpg 1012w, https:\/\/www.boucherie-normande.com\/traiteur-wazemmes\/wp-content\/uploads\/2018\/11\/coq-hardi-wazemmes-6-632x187.jpg 632w, https:\/\/www.boucherie-normande.com\/traiteur-wazemmes\/wp-content\/uploads\/2018\/11\/coq-hardi-wazemmes-6-768x228.jpg 768w, https:\/\/www.boucherie-normande.com\/traiteur-wazemmes\/wp-content\/uploads\/2018\/11\/coq-hardi-wazemmes-6-600x178.jpg 600w, https:\/\/www.boucherie-normande.com\/traiteur-wazemmes\/wp-content\/uploads\/2018\/11\/coq-hardi-wazemmes-6-956x283.jpg 956w\" sizes=\"auto, (max-width: 1012px) 100vw, 1012px\" \/><\/a><\/p>\n","protected":false},"excerpt":{"rendered":"<p>Un endroit reconnu dans toute l&rsquo;Europe pour son effervescence. Le march\u00e9 des Halles de Wazemmes est un march\u00e9 situ\u00e9 dans le quartier de Wazemmes \u00e0 Lille, en France. Il est connu pour \u00eatre l&rsquo;un des march\u00e9s les plus anim\u00e9s et&#8230;<br \/><a class=\"read-more-button\" href=\"https:\/\/www.boucherie-normande.com\/traiteur-wazemmes\/les-halles-de-wazemmes\/\">Savoir plus<\/a><\/p>\n","protected":false},"author":1,"featured_media":0,"parent":0,"menu_order":0,"comment_status":"closed","ping_status":"closed","template":"template-full-width.php","meta":{"footnotes":""},"class_list":["post-1470","page","type-page","status-publish","hentry"],"aioseo_notices":[],"_links":{"self":[{"href":"https:\/\/www.boucherie-normande.com\/traiteur-wazemmes\/wp-json\/wp\/v2\/pages\/1470","targetHints":{"allow":["GET"]}}],"collection":[{"href":"https:\/\/www.boucherie-normande.com\/traiteur-wazemmes\/wp-json\/wp\/v2\/pages"}],"about":[{"href":"https:\/\/www.boucherie-normande.com\/traiteur-wazemmes\/wp-json\/wp\/v2\/types\/page"}],"author":[{"embeddable":true,"href":"https:\/\/www.boucherie-normande.com\/traiteur-wazemmes\/wp-json\/wp\/v2\/users\/1"}],"replies":[{"embeddable":true,"href":"https:\/\/www.boucherie-normande.com\/traiteur-wazemmes\/wp-json\/wp\/v2\/comments?post=1470"}],"version-history":[{"count":1,"href":"https:\/\/www.boucherie-normande.com\/traiteur-wazemmes\/wp-json\/wp\/v2\/pages\/1470\/revisions"}],"predecessor-version":[{"id":1471,"href":"https:\/\/www.boucherie-normande.com\/traiteur-wazemmes\/wp-json\/wp\/v2\/pages\/1470\/revisions\/1471"}],"wp:attachment":[{"href":"https:\/\/www.boucherie-normande.com\/traiteur-wazemmes\/wp-json\/wp\/v2\/media?parent=1470"}],"curies":[{"name":"wp","href":"https:\/\/api.w.org\/{rel}","templated":true}]}}